{"id":150,"date":"2024-08-02T09:45:19","date_gmt":"2024-08-02T07:45:19","guid":{"rendered":"https:\/\/enislot.fr\/?page_id=150"},"modified":"2024-08-02T10:04:06","modified_gmt":"2024-08-02T08:04:06","slug":"reglement-des-chasses","status":"publish","type":"page","link":"https:\/\/enislot.fr\/index.php\/reglement-des-chasses\/","title":{"rendered":"R\u00e8glement des chasses"},"content":{"rendered":"\n<p>1 &#8211; Ce n&rsquo;est qu&rsquo;un jeu, le but est avant tout de s&rsquo;amuser et de d\u00e9couvrir<\/p>\n\n\n\n<p>2 &#8211; Le tr\u00e9sor est enterr\u00e9 sur un espace public en France, merci de respecter les lieux et notamment de reboucher vos trous. Laissez les endroits que vous visitez dans l&rsquo;\u00e9tat o\u00f9 vous les avez trouv\u00e9 et profitez des lieux. Vos comportements sont sous vos responsabilit\u00e9s. Un doute ? Revenez au point 1<\/p>\n\n\n\n<p>3 &#8211; Des sessions de Questions R\u00e9ponses pourront \u00eatre ouvertes si je l&rsquo;estime n\u00e9cessaire. En dehors de ces sessions je ne r\u00e9pond pas aux questions, encore moins en priv\u00e9. Mais je vous donnerez des espaces pour discuter entre vous et \u00e9changer sur la chasse. <\/p>\n\n\n\n<p>4 &#8211; Pour laisser \u00e0 tout le monde le soin d&rsquo;avancer \u00e0 son rythme, il n&rsquo;est pas pr\u00e9vu d&rsquo;indices pour l&rsquo;instant. Mais si la chasse se prolonge trop longtemps et que je vois qu&rsquo;il y a des blocages, je me donne la possibilit\u00e9 d&rsquo;en ajouter sur le site de la chasse.<\/p>\n\n\n\n<p>5 &#8211; Je me r\u00e9serve le droit d&rsquo;exclure de la page facebook toute personne aux propos irrespectueux et anti jeux. Un doute ? Revenez au point 1<\/p>\n\n\n\n<p>6 &#8211; L&rsquo;entraide entre \u00e9quipes chevronn\u00e9es et \u00e9quipes d\u00e9butantes est toujours la bienvenue.<\/p>\n\n\n\n<p>7 &#8211; l&rsquo;\u00e9quipe gagnante se verra offrir un weekend de deux nuits dans un joli g\u00eete \u00e0 la campagne : <a href=\"https:\/\/airbnb.fr\/h\/lelieu53\">https:\/\/airbnb.fr\/h\/lelieu53<\/a>. Nombre de personnes limit\u00e9 \u00e0 7. Repas et petits d\u00e9jeuner non inclus. Voir r\u00e8glement int\u00e9rieur du g\u00eete.<\/p>\n\n\n\n<p>8 &#8211; Ah j&rsquo;oubliais ! Bien lire le point 1<\/p>\n","protected":false},"excerpt":{"rendered":"<p>1 &#8211; Ce n&rsquo;est qu&rsquo;un jeu, le but est avant tout de s&rsquo;amuser et de d\u00e9couvrir 2 &#8211; Le tr\u00e9sor est enterr\u00e9 sur un espace public en France, merci de respecter les lieux et notamment de reboucher vos trous. Laissez les endroits que vous visitez dans l&rsquo;\u00e9tat o\u00f9 vous les avez trouv\u00e9 et profitez des [&hellip;]<\/p>\n","protected":false},"author":1,"featured_media":0,"parent":0,"menu_order":0,"comment_status":"closed","ping_status":"closed","template":"","meta":{"footnotes":""},"class_list":["post-150","page","type-page","status-publish","hentry"],"_links":{"self":[{"href":"https:\/\/enislot.fr\/index.php\/wp-json\/wp\/v2\/pages\/150"}],"collection":[{"href":"https:\/\/enislot.fr\/index.php\/wp-json\/wp\/v2\/pages"}],"about":[{"href":"https:\/\/enislot.fr\/index.php\/wp-json\/wp\/v2\/types\/page"}],"author":[{"embeddable":true,"href":"https:\/\/enislot.fr\/index.php\/wp-json\/wp\/v2\/users\/1"}],"replies":[{"embeddable":true,"href":"https:\/\/enislot.fr\/index.php\/wp-json\/wp\/v2\/comments?post=150"}],"version-history":[{"count":2,"href":"https:\/\/enislot.fr\/index.php\/wp-json\/wp\/v2\/pages\/150\/revisions"}],"predecessor-version":[{"id":155,"href":"https:\/\/enislot.fr\/index.php\/wp-json\/wp\/v2\/pages\/150\/revisions\/155"}],"wp:attachment":[{"href":"https:\/\/enislot.fr\/index.php\/wp-json\/wp\/v2\/media?parent=150"}],"curies":[{"name":"wp","href":"https:\/\/api.w.org\/{rel}","templated":true}]}}