{"id":156,"date":"2024-08-12T10:45:32","date_gmt":"2024-08-12T08:45:32","guid":{"rendered":"https:\/\/enislot.fr\/?page_id=156"},"modified":"2024-08-23T09:58:40","modified_gmt":"2024-08-23T07:58:40","slug":"enigmes-preliminaires","status":"publish","type":"page","link":"https:\/\/enislot.fr\/index.php\/enigmes-preliminaires\/","title":{"rendered":"\u00c9nigme(s) pr\u00e9liminaire(s)"},"content":{"rendered":"\n<p>Vous pouvez m&rsquo;envoyer la r\u00e9ponse sur messenger (voir contact)<\/p>\n\n\n\n<figure class=\"wp-block-image size-full\"><img loading=\"lazy\" decoding=\"async\" width=\"609\" height=\"359\" src=\"https:\/\/enislot.fr\/wp-content\/uploads\/2024\/08\/Screenshot_20240823_095640.png\" alt=\"\" class=\"wp-image-168\" srcset=\"https:\/\/enislot.fr\/wp-content\/uploads\/2024\/08\/Screenshot_20240823_095640.png 609w, https:\/\/enislot.fr\/wp-content\/uploads\/2024\/08\/Screenshot_20240823_095640-300x177.png 300w\" sizes=\"(max-width: 609px) 100vw, 609px\" \/><\/figure>\n\n\n\n<p>En fait il s&rsquo;agit d&rsquo;un code un peu \u00ab\u00a0d\u00e9cal\u00e9\u00a0\u00bb. Il faut prendre la lettre qui se situe juste au dessus (ou au dessous pour d\u00e9coder) sur votre clavier d&rsquo;ordinateur.<\/p>\n\n\n\n<p>Il fallait donc trouver KARTE.<\/p>\n\n\n\n<p><strong>\u00c9nigme 2<\/strong><\/p>\n\n\n\n<figure class=\"wp-block-image size-full\"><img loading=\"lazy\" decoding=\"async\" width=\"450\" height=\"348\" src=\"https:\/\/enislot.fr\/wp-content\/uploads\/2024\/08\/enigme2.png\" alt=\"\" class=\"wp-image-164\" srcset=\"https:\/\/enislot.fr\/wp-content\/uploads\/2024\/08\/enigme2.png 450w, https:\/\/enislot.fr\/wp-content\/uploads\/2024\/08\/enigme2-300x232.png 300w\" sizes=\"(max-width: 450px) 100vw, 450px\" \/><\/figure>\n\n\n\n<p>Solution :<\/p>\n\n\n\n<p>Le W3W est une entreprise qui a cr\u00e9\u00e9 un syst\u00e8me de coordonn\u00e9es gps qui localise n&rsquo;importe quel carr\u00e9 de 3mx3m sur terre \u00e0 partir de trois mots.<\/p>\n\n\n\n<p>Ici \u00ab\u00a0enfermons \u00e9manant et admettant\u00a0\u00bb conduisent \u00e0 un carr\u00e9 dans la ville de Laons le Saunier sur lequel figure le mus\u00e9e Rouget de Lisle.<\/p>\n\n\n\n<p>La bonne r\u00e9ponse \u00e9tait donc Rouget De Lisle !<\/p>\n\n\n\n<p><strong>\u00c9nigme 1<\/strong> <\/p>\n\n\n\n<figure class=\"wp-block-image size-full\"><img loading=\"lazy\" decoding=\"async\" width=\"450\" height=\"348\" src=\"https:\/\/enislot.fr\/wp-content\/uploads\/2024\/08\/enigme1.png\" alt=\"\" class=\"wp-image-158\" srcset=\"https:\/\/enislot.fr\/wp-content\/uploads\/2024\/08\/enigme1.png 450w, https:\/\/enislot.fr\/wp-content\/uploads\/2024\/08\/enigme1-300x232.png 300w\" sizes=\"(max-width: 450px) 100vw, 450px\" \/><\/figure>\n\n\n\n<p>R\u00e9ponse : Ren\u00e9 Descartes.<br>Voici la solution \u00e0 cette \u00e9nigme :<\/p>\n\n\n\n<p>&#8211; les zones rouges sont des silhouettes de d\u00e9partement fran\u00e7ais : le 15, le 95+1 = 96, le 16 et le 50<\/p>\n\n\n\n<p>&#8211; si on regroupe un peu les chiffres on a 1596 1650<\/p>\n\n\n\n<p>&#8211;&nbsp;ce sont les ann\u00e9es de naissance et de d\u00e9c\u00e9s de Ren\u00e9 Descartes.<\/p>\n\n\n\n<p><\/p>\n\n\n\n<p><\/p>\n","protected":false},"excerpt":{"rendered":"<p>Vous pouvez m&rsquo;envoyer la r\u00e9ponse sur messenger (voir contact) En fait il s&rsquo;agit d&rsquo;un code un peu \u00ab\u00a0d\u00e9cal\u00e9\u00a0\u00bb. Il faut prendre la lettre qui se situe juste au dessus (ou au dessous pour d\u00e9coder) sur votre clavier d&rsquo;ordinateur. Il fallait donc trouver KARTE. \u00c9nigme 2 Solution : Le W3W est une entreprise qui a cr\u00e9\u00e9 [&hellip;]<\/p>\n","protected":false},"author":1,"featured_media":0,"parent":0,"menu_order":0,"comment_status":"closed","ping_status":"closed","template":"","meta":{"footnotes":""},"class_list":["post-156","page","type-page","status-publish","hentry"],"_links":{"self":[{"href":"https:\/\/enislot.fr\/index.php\/wp-json\/wp\/v2\/pages\/156"}],"collection":[{"href":"https:\/\/enislot.fr\/index.php\/wp-json\/wp\/v2\/pages"}],"about":[{"href":"https:\/\/enislot.fr\/index.php\/wp-json\/wp\/v2\/types\/page"}],"author":[{"embeddable":true,"href":"https:\/\/enislot.fr\/index.php\/wp-json\/wp\/v2\/users\/1"}],"replies":[{"embeddable":true,"href":"https:\/\/enislot.fr\/index.php\/wp-json\/wp\/v2\/comments?post=156"}],"version-history":[{"count":6,"href":"https:\/\/enislot.fr\/index.php\/wp-json\/wp\/v2\/pages\/156\/revisions"}],"predecessor-version":[{"id":169,"href":"https:\/\/enislot.fr\/index.php\/wp-json\/wp\/v2\/pages\/156\/revisions\/169"}],"wp:attachment":[{"href":"https:\/\/enislot.fr\/index.php\/wp-json\/wp\/v2\/media?parent=156"}],"curies":[{"name":"wp","href":"https:\/\/api.w.org\/{rel}","templated":true}]}}